{"id":104,"date":"2022-08-09T19:03:55","date_gmt":"2022-08-09T17:03:55","guid":{"rendered":"http:\/\/qbzhhxc.cluster030.hosting.ovh.net\/?page_id=104"},"modified":"2025-03-23T17:39:51","modified_gmt":"2025-03-23T16:39:51","slug":"la-brasserie","status":"publish","type":"page","link":"https:\/\/brasseriedesfourquets.be\/index.php\/la-brasserie\/","title":{"rendered":"La brasserie"},"content":{"rendered":"\n<div class=\"wp-block-media-text alignwide is-stacked-on-mobile\" style=\"grid-template-columns:15% auto\"><figure class=\"wp-block-media-text__media\"><img loading=\"lazy\" decoding=\"async\" width=\"1024\" height=\"1024\" src=\"https:\/\/brasseriedesfourquets.be\/wp-content\/uploads\/2022\/08\/Logo-Local-Beer-1-1024x1024.jpg\" alt=\"\" class=\"wp-image-372 size-full\" srcset=\"https:\/\/brasseriedesfourquets.be\/wp-content\/uploads\/2022\/08\/Logo-Local-Beer-1-1024x1024.jpg 1024w, https:\/\/brasseriedesfourquets.be\/wp-content\/uploads\/2022\/08\/Logo-Local-Beer-1-150x150.jpg 150w, https:\/\/brasseriedesfourquets.be\/wp-content\/uploads\/2022\/08\/Logo-Local-Beer-1-768x768.jpg 768w, https:\/\/brasseriedesfourquets.be\/wp-content\/uploads\/2022\/08\/Logo-Local-Beer-1.jpg 1181w\" sizes=\"auto, (max-width: 1024px) 100vw, 1024px\" \/><\/figure><div class=\"wp-block-media-text__content\">\n<p>Notre brasserie a re\u00e7u le label \u00ab\u00a0Local Beer\u00a0\u00bb d\u00e9cern\u00e9 par l&rsquo;Apaq-W. Celui-ci vise \u00e0 promouvoir et r\u00e9compenser les bi\u00e8res brass\u00e9es en Wallonie et commercialis\u00e9es en propre par les brasseries. Il met en \u00e9vidence non seulement la qualit\u00e9 et la diversit\u00e9 de ces bi\u00e8res mais aussi le savoir-faire des brasseurs.<\/p>\n<\/div><\/div>\n\n\n\n<div style=\"height:10px\" aria-hidden=\"true\" class=\"wp-block-spacer\"><\/div>\n\n\n\n<div class=\"wp-block-media-text alignwide is-stacked-on-mobile\" style=\"grid-template-columns:15% auto\"><figure class=\"wp-block-media-text__media\"><img loading=\"lazy\" decoding=\"async\" width=\"292\" height=\"292\" src=\"https:\/\/brasseriedesfourquets.be\/wp-content\/uploads\/2023\/05\/image-2.png\" alt=\"\" class=\"wp-image-539 size-full\" srcset=\"https:\/\/brasseriedesfourquets.be\/wp-content\/uploads\/2023\/05\/image-2.png 292w, https:\/\/brasseriedesfourquets.be\/wp-content\/uploads\/2023\/05\/image-2-150x150.png 150w\" sizes=\"auto, (max-width: 292px) 100vw, 292px\" \/><\/figure><div class=\"wp-block-media-text__content\">\n<p>Notre brasserie a \u00e9galement obtenu le label \u00ab\u00a0Artisanat certifi\u00e9\u00a0\u00bb belge. Cette reconnaissance, d\u00e9cern\u00e9e par le SPF Economie, consacre le caract\u00e8re authentique de notre activit\u00e9, l&rsquo;aspect manuel de notre travail et notre savoir-faire artisanal. Ce label repr\u00e9sente aussi un gage d&rsquo;authenticit\u00e9, de s\u00e9rieux et de comp\u00e9tences vis-\u00e0-vis de vous, les consommateurs&#8230;<\/p>\n<\/div><\/div>\n\n\n\n<hr class=\"wp-block-separator has-alpha-channel-opacity is-style-dots\"\/>\n\n\n\n<p>C&rsquo;est dans la cave de l&rsquo;un des trois associ\u00e9s qu&rsquo;ont d\u00e9but\u00e9 les premiers brassins&#8230;<br>Premiers t\u00e2tonnements, premiers tests, premi\u00e8res d\u00e9gustations, premi\u00e8res r\u00e9ussites et premiers doutes !<br>Mais la convivialit\u00e9 est rest\u00e9e de mise tout au long des ces dizaines d&rsquo;heures pass\u00e9es dans ce lieu o\u00f9 le projet actuel a vu le jour&#8230;<\/p>\n\n\n\n<figure class=\"wp-block-gallery has-nested-images columns-4 is-cropped wp-block-gallery-1 is-layout-flex wp-block-gallery-is-layout-flex\">\n<figure class=\"wp-block-image size-large\"><img loading=\"lazy\" decoding=\"async\" width=\"917\" height=\"688\" data-id=\"169\" src=\"http:\/\/qbzhhxc.cluster030.hosting.ovh.net\/wp-content\/uploads\/2022\/08\/16a36b_a57f1ae44cb44a228f66f338fc48050bmv2.jpeg.webp\" alt=\"\" class=\"wp-image-169\" srcset=\"https:\/\/brasseriedesfourquets.be\/wp-content\/uploads\/2022\/08\/16a36b_a57f1ae44cb44a228f66f338fc48050bmv2.jpeg.webp 917w, https:\/\/brasseriedesfourquets.be\/wp-content\/uploads\/2022\/08\/16a36b_a57f1ae44cb44a228f66f338fc48050bmv2.jpeg-300x225.webp 300w, https:\/\/brasseriedesfourquets.be\/wp-content\/uploads\/2022\/08\/16a36b_a57f1ae44cb44a228f66f338fc48050bmv2.jpeg-768x576.webp 768w\" sizes=\"auto, (max-width: 917px) 100vw, 917px\" \/><\/figure>\n\n\n\n<figure class=\"wp-block-image size-large\"><img loading=\"lazy\" decoding=\"async\" width=\"516\" height=\"688\" data-id=\"171\" src=\"http:\/\/qbzhhxc.cluster030.hosting.ovh.net\/wp-content\/uploads\/2022\/08\/16a36b_0853c890f5614aa193a582e369b18addmv2.jpeg.webp\" alt=\"\" class=\"wp-image-171\" srcset=\"https:\/\/brasseriedesfourquets.be\/wp-content\/uploads\/2022\/08\/16a36b_0853c890f5614aa193a582e369b18addmv2.jpeg.webp 516w, https:\/\/brasseriedesfourquets.be\/wp-content\/uploads\/2022\/08\/16a36b_0853c890f5614aa193a582e369b18addmv2.jpeg-225x300.webp 225w\" sizes=\"auto, (max-width: 516px) 100vw, 516px\" \/><\/figure>\n\n\n\n<figure class=\"wp-block-image size-large\"><img loading=\"lazy\" decoding=\"async\" width=\"917\" height=\"688\" data-id=\"168\" src=\"http:\/\/qbzhhxc.cluster030.hosting.ovh.net\/wp-content\/uploads\/2022\/08\/16a36b_423716f122114d3f9aa0e53dfad8986amv2.jpeg.webp\" alt=\"\" class=\"wp-image-168\" srcset=\"https:\/\/brasseriedesfourquets.be\/wp-content\/uploads\/2022\/08\/16a36b_423716f122114d3f9aa0e53dfad8986amv2.jpeg.webp 917w, https:\/\/brasseriedesfourquets.be\/wp-content\/uploads\/2022\/08\/16a36b_423716f122114d3f9aa0e53dfad8986amv2.jpeg-300x225.webp 300w, https:\/\/brasseriedesfourquets.be\/wp-content\/uploads\/2022\/08\/16a36b_423716f122114d3f9aa0e53dfad8986amv2.jpeg-768x576.webp 768w\" sizes=\"auto, (max-width: 917px) 100vw, 917px\" \/><\/figure>\n\n\n\n<figure class=\"wp-block-image size-large\"><img loading=\"lazy\" decoding=\"async\" width=\"917\" height=\"688\" data-id=\"170\" src=\"http:\/\/qbzhhxc.cluster030.hosting.ovh.net\/wp-content\/uploads\/2022\/08\/16a36b_c144288b68a7438e9427f3982100d43dmv2.jpeg.webp\" alt=\"\" class=\"wp-image-170\" srcset=\"https:\/\/brasseriedesfourquets.be\/wp-content\/uploads\/2022\/08\/16a36b_c144288b68a7438e9427f3982100d43dmv2.jpeg.webp 917w, https:\/\/brasseriedesfourquets.be\/wp-content\/uploads\/2022\/08\/16a36b_c144288b68a7438e9427f3982100d43dmv2.jpeg-300x225.webp 300w, https:\/\/brasseriedesfourquets.be\/wp-content\/uploads\/2022\/08\/16a36b_c144288b68a7438e9427f3982100d43dmv2.jpeg-768x576.webp 768w\" sizes=\"auto, (max-width: 917px) 100vw, 917px\" \/><\/figure>\n<\/figure>\n\n\n\n<div style=\"height:50px\" aria-hidden=\"true\" class=\"wp-block-spacer\"><\/div>\n\n\n\n<p>La cave \u00e9tant devenue trop exigu\u00eb, la brasserie est partie \u00e0 la recherche d&rsquo;un nouveau local pouvant accueillir son plan d&rsquo;expansion.<br>Apr\u00e8s plusieurs mois de recherche et des heures de travail pour am\u00e9nager ce nouvel endroit, le brassage de la bi\u00e8re&nbsp;pourra&nbsp;reprendre !<\/p>\n\n\n\n<figure class=\"wp-block-gallery has-nested-images columns-4 is-cropped wp-block-gallery-2 is-layout-flex wp-block-gallery-is-layout-flex\">\n<figure class=\"wp-block-image size-full\"><img loading=\"lazy\" decoding=\"async\" width=\"917\" height=\"688\" data-id=\"180\" src=\"http:\/\/qbzhhxc.cluster030.hosting.ovh.net\/wp-content\/uploads\/2022\/08\/16a36b_c55ab7796c5145b3b5f3f8e897a1e948mv2.jpg.webp\" alt=\"\" class=\"wp-image-180\" srcset=\"https:\/\/brasseriedesfourquets.be\/wp-content\/uploads\/2022\/08\/16a36b_c55ab7796c5145b3b5f3f8e897a1e948mv2.jpg.webp 917w, https:\/\/brasseriedesfourquets.be\/wp-content\/uploads\/2022\/08\/16a36b_c55ab7796c5145b3b5f3f8e897a1e948mv2.jpg-300x225.webp 300w, https:\/\/brasseriedesfourquets.be\/wp-content\/uploads\/2022\/08\/16a36b_c55ab7796c5145b3b5f3f8e897a1e948mv2.jpg-768x576.webp 768w\" sizes=\"auto, (max-width: 917px) 100vw, 917px\" \/><\/figure>\n\n\n\n<figure class=\"wp-block-image size-full\"><img loading=\"lazy\" decoding=\"async\" width=\"917\" height=\"688\" data-id=\"185\" src=\"http:\/\/qbzhhxc.cluster030.hosting.ovh.net\/wp-content\/uploads\/2022\/08\/16a36b_b14b611d07d144dc8022c11d7ef0412fmv2.jpg.webp\" alt=\"\" class=\"wp-image-185\" srcset=\"https:\/\/brasseriedesfourquets.be\/wp-content\/uploads\/2022\/08\/16a36b_b14b611d07d144dc8022c11d7ef0412fmv2.jpg.webp 917w, https:\/\/brasseriedesfourquets.be\/wp-content\/uploads\/2022\/08\/16a36b_b14b611d07d144dc8022c11d7ef0412fmv2.jpg-300x225.webp 300w, https:\/\/brasseriedesfourquets.be\/wp-content\/uploads\/2022\/08\/16a36b_b14b611d07d144dc8022c11d7ef0412fmv2.jpg-768x576.webp 768w\" sizes=\"auto, (max-width: 917px) 100vw, 917px\" \/><\/figure>\n\n\n\n<figure class=\"wp-block-image size-full\"><img loading=\"lazy\" decoding=\"async\" width=\"917\" height=\"688\" data-id=\"184\" src=\"http:\/\/qbzhhxc.cluster030.hosting.ovh.net\/wp-content\/uploads\/2022\/08\/16a36b_7caa3be33eda4ffa9852747b4037b85amv2.jpg.webp\" alt=\"\" class=\"wp-image-184\" srcset=\"https:\/\/brasseriedesfourquets.be\/wp-content\/uploads\/2022\/08\/16a36b_7caa3be33eda4ffa9852747b4037b85amv2.jpg.webp 917w, https:\/\/brasseriedesfourquets.be\/wp-content\/uploads\/2022\/08\/16a36b_7caa3be33eda4ffa9852747b4037b85amv2.jpg-300x225.webp 300w, https:\/\/brasseriedesfourquets.be\/wp-content\/uploads\/2022\/08\/16a36b_7caa3be33eda4ffa9852747b4037b85amv2.jpg-768x576.webp 768w\" sizes=\"auto, (max-width: 917px) 100vw, 917px\" \/><\/figure>\n\n\n\n<figure class=\"wp-block-image size-full\"><img loading=\"lazy\" decoding=\"async\" width=\"918\" height=\"688\" data-id=\"186\" src=\"http:\/\/qbzhhxc.cluster030.hosting.ovh.net\/wp-content\/uploads\/2022\/08\/16a36b_993e226f4c954be3b8929267a903d29fmv2.jpg.webp\" alt=\"\" class=\"wp-image-186\" srcset=\"https:\/\/brasseriedesfourquets.be\/wp-content\/uploads\/2022\/08\/16a36b_993e226f4c954be3b8929267a903d29fmv2.jpg.webp 918w, https:\/\/brasseriedesfourquets.be\/wp-content\/uploads\/2022\/08\/16a36b_993e226f4c954be3b8929267a903d29fmv2.jpg-300x225.webp 300w, https:\/\/brasseriedesfourquets.be\/wp-content\/uploads\/2022\/08\/16a36b_993e226f4c954be3b8929267a903d29fmv2.jpg-768x576.webp 768w\" sizes=\"auto, (max-width: 918px) 100vw, 918px\" \/><\/figure>\n\n\n\n<figure class=\"wp-block-image size-full\"><img loading=\"lazy\" decoding=\"async\" width=\"918\" height=\"688\" data-id=\"182\" src=\"http:\/\/qbzhhxc.cluster030.hosting.ovh.net\/wp-content\/uploads\/2022\/08\/16a36b_6641d315c0d14b5f981eae5a2a981ff4mv2.jpg.webp\" alt=\"\" class=\"wp-image-182\" srcset=\"https:\/\/brasseriedesfourquets.be\/wp-content\/uploads\/2022\/08\/16a36b_6641d315c0d14b5f981eae5a2a981ff4mv2.jpg.webp 918w, https:\/\/brasseriedesfourquets.be\/wp-content\/uploads\/2022\/08\/16a36b_6641d315c0d14b5f981eae5a2a981ff4mv2.jpg-300x225.webp 300w, https:\/\/brasseriedesfourquets.be\/wp-content\/uploads\/2022\/08\/16a36b_6641d315c0d14b5f981eae5a2a981ff4mv2.jpg-768x576.webp 768w\" sizes=\"auto, (max-width: 918px) 100vw, 918px\" \/><\/figure>\n\n\n\n<figure class=\"wp-block-image size-full\"><img loading=\"lazy\" decoding=\"async\" width=\"918\" height=\"688\" data-id=\"183\" src=\"http:\/\/qbzhhxc.cluster030.hosting.ovh.net\/wp-content\/uploads\/2022\/08\/16a36b_39b8fdc9554b4c31a9c931a731817222mv2.jpg.webp\" alt=\"\" class=\"wp-image-183\" srcset=\"https:\/\/brasseriedesfourquets.be\/wp-content\/uploads\/2022\/08\/16a36b_39b8fdc9554b4c31a9c931a731817222mv2.jpg.webp 918w, https:\/\/brasseriedesfourquets.be\/wp-content\/uploads\/2022\/08\/16a36b_39b8fdc9554b4c31a9c931a731817222mv2.jpg-300x225.webp 300w, https:\/\/brasseriedesfourquets.be\/wp-content\/uploads\/2022\/08\/16a36b_39b8fdc9554b4c31a9c931a731817222mv2.jpg-768x576.webp 768w\" sizes=\"auto, (max-width: 918px) 100vw, 918px\" \/><\/figure>\n\n\n\n<figure class=\"wp-block-image size-full\"><img loading=\"lazy\" decoding=\"async\" width=\"1431\" height=\"678\" data-id=\"181\" src=\"http:\/\/qbzhhxc.cluster030.hosting.ovh.net\/wp-content\/uploads\/2022\/08\/16a36b_f74fce653afc4c6cae8a29dc304a0e36mv2.jpg.webp\" alt=\"\" class=\"wp-image-181\" srcset=\"https:\/\/brasseriedesfourquets.be\/wp-content\/uploads\/2022\/08\/16a36b_f74fce653afc4c6cae8a29dc304a0e36mv2.jpg.webp 1431w, https:\/\/brasseriedesfourquets.be\/wp-content\/uploads\/2022\/08\/16a36b_f74fce653afc4c6cae8a29dc304a0e36mv2.jpg-300x142.webp 300w, https:\/\/brasseriedesfourquets.be\/wp-content\/uploads\/2022\/08\/16a36b_f74fce653afc4c6cae8a29dc304a0e36mv2.jpg-1024x485.webp 1024w, https:\/\/brasseriedesfourquets.be\/wp-content\/uploads\/2022\/08\/16a36b_f74fce653afc4c6cae8a29dc304a0e36mv2.jpg-768x364.webp 768w\" sizes=\"auto, (max-width: 1431px) 100vw, 1431px\" \/><\/figure>\n\n\n\n<figure class=\"wp-block-image size-full\"><img loading=\"lazy\" decoding=\"async\" width=\"1431\" height=\"677\" data-id=\"177\" src=\"http:\/\/qbzhhxc.cluster030.hosting.ovh.net\/wp-content\/uploads\/2022\/08\/16a36b_a2251e414b8d432493bfd3050dada846mv2.jpg.webp\" alt=\"\" class=\"wp-image-177\" srcset=\"https:\/\/brasseriedesfourquets.be\/wp-content\/uploads\/2022\/08\/16a36b_a2251e414b8d432493bfd3050dada846mv2.jpg.webp 1431w, https:\/\/brasseriedesfourquets.be\/wp-content\/uploads\/2022\/08\/16a36b_a2251e414b8d432493bfd3050dada846mv2.jpg-300x142.webp 300w, https:\/\/brasseriedesfourquets.be\/wp-content\/uploads\/2022\/08\/16a36b_a2251e414b8d432493bfd3050dada846mv2.jpg-1024x484.webp 1024w, https:\/\/brasseriedesfourquets.be\/wp-content\/uploads\/2022\/08\/16a36b_a2251e414b8d432493bfd3050dada846mv2.jpg-768x363.webp 768w\" sizes=\"auto, (max-width: 1431px) 100vw, 1431px\" \/><\/figure>\n\n\n\n<figure class=\"wp-block-image size-full\"><img loading=\"lazy\" decoding=\"async\" width=\"1374\" height=\"650\" data-id=\"176\" src=\"http:\/\/qbzhhxc.cluster030.hosting.ovh.net\/wp-content\/uploads\/2022\/08\/16a36b_25f53c40afc847eaaa81e6c4df948d00mv2.jpg.webp\" alt=\"\" class=\"wp-image-176\" srcset=\"https:\/\/brasseriedesfourquets.be\/wp-content\/uploads\/2022\/08\/16a36b_25f53c40afc847eaaa81e6c4df948d00mv2.jpg.webp 1374w, https:\/\/brasseriedesfourquets.be\/wp-content\/uploads\/2022\/08\/16a36b_25f53c40afc847eaaa81e6c4df948d00mv2.jpg-300x142.webp 300w, https:\/\/brasseriedesfourquets.be\/wp-content\/uploads\/2022\/08\/16a36b_25f53c40afc847eaaa81e6c4df948d00mv2.jpg-1024x484.webp 1024w, https:\/\/brasseriedesfourquets.be\/wp-content\/uploads\/2022\/08\/16a36b_25f53c40afc847eaaa81e6c4df948d00mv2.jpg-768x363.webp 768w\" sizes=\"auto, (max-width: 1374px) 100vw, 1374px\" \/><\/figure>\n\n\n\n<figure class=\"wp-block-image size-full\"><img loading=\"lazy\" decoding=\"async\" width=\"307\" height=\"650\" data-id=\"175\" src=\"http:\/\/qbzhhxc.cluster030.hosting.ovh.net\/wp-content\/uploads\/2022\/08\/16a36b_630313a67258432cad89d53ab1a9ad2amv2.jpg.webp\" alt=\"\" class=\"wp-image-175\" srcset=\"https:\/\/brasseriedesfourquets.be\/wp-content\/uploads\/2022\/08\/16a36b_630313a67258432cad89d53ab1a9ad2amv2.jpg.webp 307w, https:\/\/brasseriedesfourquets.be\/wp-content\/uploads\/2022\/08\/16a36b_630313a67258432cad89d53ab1a9ad2amv2.jpg-142x300.webp 142w\" sizes=\"auto, (max-width: 307px) 100vw, 307px\" \/><\/figure>\n\n\n\n<figure class=\"wp-block-image size-full\"><img loading=\"lazy\" decoding=\"async\" width=\"867\" height=\"650\" data-id=\"179\" src=\"http:\/\/qbzhhxc.cluster030.hosting.ovh.net\/wp-content\/uploads\/2022\/08\/16a36b_4b1f797dd66d4edd98898da7fd933b97mv2.jpeg.webp\" alt=\"\" class=\"wp-image-179\" srcset=\"https:\/\/brasseriedesfourquets.be\/wp-content\/uploads\/2022\/08\/16a36b_4b1f797dd66d4edd98898da7fd933b97mv2.jpeg.webp 867w, https:\/\/brasseriedesfourquets.be\/wp-content\/uploads\/2022\/08\/16a36b_4b1f797dd66d4edd98898da7fd933b97mv2.jpeg-300x225.webp 300w, https:\/\/brasseriedesfourquets.be\/wp-content\/uploads\/2022\/08\/16a36b_4b1f797dd66d4edd98898da7fd933b97mv2.jpeg-768x576.webp 768w\" sizes=\"auto, (max-width: 867px) 100vw, 867px\" \/><\/figure>\n\n\n\n<figure class=\"wp-block-image size-full\"><img loading=\"lazy\" decoding=\"async\" width=\"867\" height=\"650\" data-id=\"408\" src=\"http:\/\/qbzhhxc.cluster030.hosting.ovh.net\/wp-content\/uploads\/2022\/08\/16a36b_2a11cf9041c04309901dcb89f0a40a77mv2.jpeg-1.webp\" alt=\"\" class=\"wp-image-408\" srcset=\"https:\/\/brasseriedesfourquets.be\/wp-content\/uploads\/2022\/08\/16a36b_2a11cf9041c04309901dcb89f0a40a77mv2.jpeg-1.webp 867w, https:\/\/brasseriedesfourquets.be\/wp-content\/uploads\/2022\/08\/16a36b_2a11cf9041c04309901dcb89f0a40a77mv2.jpeg-1-300x225.webp 300w, https:\/\/brasseriedesfourquets.be\/wp-content\/uploads\/2022\/08\/16a36b_2a11cf9041c04309901dcb89f0a40a77mv2.jpeg-1-768x576.webp 768w\" sizes=\"auto, (max-width: 867px) 100vw, 867px\" \/><\/figure>\n<\/figure>\n\n\n\n<div style=\"height:50px\" aria-hidden=\"true\" class=\"wp-block-spacer\"><\/div>\n\n\n\n<p>Suite \u00e0 notre succ\u00e8s et notre envie de proposer d&rsquo;autres produits \u00e0 nos consommateurs, nous avons fait le choix de partir \u00e0 la recherche d&rsquo;un nouveau site de production et donc, de d\u00e9m\u00e9nager une nouvelle fois. De la patience, des mois de prospection et des dizaines d&rsquo;heures de travail pour pr\u00e9parer ce nouveau lieu&#8230; Nous sommes enfin pr\u00eats pour reprendre la production&#8230; dans un magnifique domaine !<\/p>\n\n\n\n<figure class=\"wp-block-gallery has-nested-images columns-4 is-cropped wp-block-gallery-3 is-layout-flex wp-block-gallery-is-layout-flex\">\n<figure class=\"wp-block-image size-full\"><img loading=\"lazy\" decoding=\"async\" width=\"2560\" height=\"1920\" data-id=\"576\" src=\"https:\/\/brasseriedesfourquets.be\/wp-content\/uploads\/2023\/05\/20220521_085917-scaled.jpg\" alt=\"\" class=\"wp-image-576\" srcset=\"https:\/\/brasseriedesfourquets.be\/wp-content\/uploads\/2023\/05\/20220521_085917-scaled.jpg 2560w, https:\/\/brasseriedesfourquets.be\/wp-content\/uploads\/2023\/05\/20220521_085917-300x225.jpg 300w, https:\/\/brasseriedesfourquets.be\/wp-content\/uploads\/2023\/05\/20220521_085917-1024x768.jpg 1024w, https:\/\/brasseriedesfourquets.be\/wp-content\/uploads\/2023\/05\/20220521_085917-768x576.jpg 768w, https:\/\/brasseriedesfourquets.be\/wp-content\/uploads\/2023\/05\/20220521_085917-1536x1152.jpg 1536w, https:\/\/brasseriedesfourquets.be\/wp-content\/uploads\/2023\/05\/20220521_085917-2048x1536.jpg 2048w\" sizes=\"auto, (max-width: 2560px) 100vw, 2560px\" \/><\/figure>\n\n\n\n<figure class=\"wp-block-image size-full\"><img loading=\"lazy\" decoding=\"async\" width=\"1920\" height=\"2560\" data-id=\"577\" src=\"https:\/\/brasseriedesfourquets.be\/wp-content\/uploads\/2023\/05\/IMG_2463-1-scaled.jpg\" alt=\"\" class=\"wp-image-577\" srcset=\"https:\/\/brasseriedesfourquets.be\/wp-content\/uploads\/2023\/05\/IMG_2463-1-scaled.jpg 1920w, https:\/\/brasseriedesfourquets.be\/wp-content\/uploads\/2023\/05\/IMG_2463-1-225x300.jpg 225w, https:\/\/brasseriedesfourquets.be\/wp-content\/uploads\/2023\/05\/IMG_2463-1-768x1024.jpg 768w, https:\/\/brasseriedesfourquets.be\/wp-content\/uploads\/2023\/05\/IMG_2463-1-1152x1536.jpg 1152w, https:\/\/brasseriedesfourquets.be\/wp-content\/uploads\/2023\/05\/IMG_2463-1-1536x2048.jpg 1536w\" sizes=\"auto, (max-width: 1920px) 100vw, 1920px\" \/><\/figure>\n\n\n\n<figure class=\"wp-block-image\"><img decoding=\"async\" src=\"https:\/\/brasseriedesfourquets.be\/wp-content\/uploads\/2023\/05\/20230128_092154-2-scaled.jpg\" alt=\"L\u2019attribut alt de cette image est vide, son nom de fichier est 20230128_092154-2-scaled.jpg.\"\/><\/figure>\n\n\n\n<figure class=\"wp-block-image size-full\"><img loading=\"lazy\" decoding=\"async\" width=\"2560\" height=\"1920\" data-id=\"571\" src=\"https:\/\/brasseriedesfourquets.be\/wp-content\/uploads\/2023\/05\/IMG_2488-scaled.jpg\" alt=\"\" class=\"wp-image-571\" srcset=\"https:\/\/brasseriedesfourquets.be\/wp-content\/uploads\/2023\/05\/IMG_2488-scaled.jpg 2560w, https:\/\/brasseriedesfourquets.be\/wp-content\/uploads\/2023\/05\/IMG_2488-300x225.jpg 300w, https:\/\/brasseriedesfourquets.be\/wp-content\/uploads\/2023\/05\/IMG_2488-1024x768.jpg 1024w, https:\/\/brasseriedesfourquets.be\/wp-content\/uploads\/2023\/05\/IMG_2488-768x576.jpg 768w, https:\/\/brasseriedesfourquets.be\/wp-content\/uploads\/2023\/05\/IMG_2488-1536x1152.jpg 1536w, https:\/\/brasseriedesfourquets.be\/wp-content\/uploads\/2023\/05\/IMG_2488-2048x1536.jpg 2048w\" sizes=\"auto, (max-width: 2560px) 100vw, 2560px\" \/><\/figure>\n\n\n\n<figure class=\"wp-block-image\"><img decoding=\"async\" src=\"https:\/\/brasseriedesfourquets.be\/wp-content\/uploads\/2023\/05\/20230221_152603-2-scaled.jpg\" alt=\"L\u2019attribut alt de cette image est vide, son nom de fichier est 20230221_152603-2-scaled.jpg.\"\/><\/figure>\n\n\n\n<figure class=\"wp-block-image\"><img decoding=\"async\" src=\"https:\/\/brasseriedesfourquets.be\/wp-content\/uploads\/2023\/05\/IMG_2566-1-scaled.jpg\" alt=\"L\u2019attribut alt de cette image est vide, son nom de fichier est IMG_2566-1-scaled.jpg.\"\/><\/figure>\n\n\n\n<figure class=\"wp-block-image size-full\"><img loading=\"lazy\" decoding=\"async\" width=\"2560\" height=\"1920\" data-id=\"574\" src=\"https:\/\/brasseriedesfourquets.be\/wp-content\/uploads\/2023\/05\/IMG_2577-scaled.jpg\" alt=\"\" class=\"wp-image-574\" srcset=\"https:\/\/brasseriedesfourquets.be\/wp-content\/uploads\/2023\/05\/IMG_2577-scaled.jpg 2560w, https:\/\/brasseriedesfourquets.be\/wp-content\/uploads\/2023\/05\/IMG_2577-300x225.jpg 300w, https:\/\/brasseriedesfourquets.be\/wp-content\/uploads\/2023\/05\/IMG_2577-1024x768.jpg 1024w, https:\/\/brasseriedesfourquets.be\/wp-content\/uploads\/2023\/05\/IMG_2577-768x576.jpg 768w, https:\/\/brasseriedesfourquets.be\/wp-content\/uploads\/2023\/05\/IMG_2577-1536x1152.jpg 1536w, https:\/\/brasseriedesfourquets.be\/wp-content\/uploads\/2023\/05\/IMG_2577-2048x1536.jpg 2048w\" sizes=\"auto, (max-width: 2560px) 100vw, 2560px\" \/><\/figure>\n\n\n\n<figure class=\"wp-block-image\"><img decoding=\"async\" src=\"https:\/\/brasseriedesfourquets.be\/wp-content\/uploads\/2023\/05\/20230325_124617-2-scaled.jpg\" alt=\"L\u2019attribut alt de cette image est vide, son nom de fichier est 20230325_124617-2-scaled.jpg.\"\/><\/figure>\n\n\n\n<figure class=\"wp-block-image size-large\"><img loading=\"lazy\" decoding=\"async\" width=\"1024\" height=\"768\" data-id=\"584\" src=\"https:\/\/brasseriedesfourquets.be\/wp-content\/uploads\/2023\/05\/20230415_122615-2-1024x768.jpg\" alt=\"\" class=\"wp-image-584\" srcset=\"https:\/\/brasseriedesfourquets.be\/wp-content\/uploads\/2023\/05\/20230415_122615-2-1024x768.jpg 1024w, https:\/\/brasseriedesfourquets.be\/wp-content\/uploads\/2023\/05\/20230415_122615-2-300x225.jpg 300w, https:\/\/brasseriedesfourquets.be\/wp-content\/uploads\/2023\/05\/20230415_122615-2-768x576.jpg 768w, https:\/\/brasseriedesfourquets.be\/wp-content\/uploads\/2023\/05\/20230415_122615-2-1536x1152.jpg 1536w, https:\/\/brasseriedesfourquets.be\/wp-content\/uploads\/2023\/05\/20230415_122615-2-2048x1536.jpg 2048w\" sizes=\"auto, (max-width: 1024px) 100vw, 1024px\" \/><\/figure>\n\n\n\n<figure class=\"wp-block-image size-full\"><img loading=\"lazy\" decoding=\"async\" width=\"1920\" height=\"2560\" data-id=\"568\" src=\"https:\/\/brasseriedesfourquets.be\/wp-content\/uploads\/2023\/05\/20230429_111719-1-scaled.jpg\" alt=\"\" class=\"wp-image-568\" srcset=\"https:\/\/brasseriedesfourquets.be\/wp-content\/uploads\/2023\/05\/20230429_111719-1-scaled.jpg 1920w, https:\/\/brasseriedesfourquets.be\/wp-content\/uploads\/2023\/05\/20230429_111719-1-225x300.jpg 225w, https:\/\/brasseriedesfourquets.be\/wp-content\/uploads\/2023\/05\/20230429_111719-1-768x1024.jpg 768w, https:\/\/brasseriedesfourquets.be\/wp-content\/uploads\/2023\/05\/20230429_111719-1-1152x1536.jpg 1152w, https:\/\/brasseriedesfourquets.be\/wp-content\/uploads\/2023\/05\/20230429_111719-1-1536x2048.jpg 1536w\" sizes=\"auto, (max-width: 1920px) 100vw, 1920px\" \/><\/figure>\n\n\n\n<figure class=\"wp-block-image size-full\"><img loading=\"lazy\" decoding=\"async\" width=\"2560\" height=\"1920\" data-id=\"585\" src=\"https:\/\/brasseriedesfourquets.be\/wp-content\/uploads\/2023\/05\/20230429_111757-2-scaled.jpg\" alt=\"\" class=\"wp-image-585\" srcset=\"https:\/\/brasseriedesfourquets.be\/wp-content\/uploads\/2023\/05\/20230429_111757-2-scaled.jpg 2560w, https:\/\/brasseriedesfourquets.be\/wp-content\/uploads\/2023\/05\/20230429_111757-2-300x225.jpg 300w, https:\/\/brasseriedesfourquets.be\/wp-content\/uploads\/2023\/05\/20230429_111757-2-1024x768.jpg 1024w, https:\/\/brasseriedesfourquets.be\/wp-content\/uploads\/2023\/05\/20230429_111757-2-768x576.jpg 768w, https:\/\/brasseriedesfourquets.be\/wp-content\/uploads\/2023\/05\/20230429_111757-2-1536x1152.jpg 1536w, https:\/\/brasseriedesfourquets.be\/wp-content\/uploads\/2023\/05\/20230429_111757-2-2048x1536.jpg 2048w\" sizes=\"auto, (max-width: 2560px) 100vw, 2560px\" \/><\/figure>\n\n\n\n<figure class=\"wp-block-image size-full\"><img loading=\"lazy\" decoding=\"async\" width=\"2560\" height=\"1920\" data-id=\"586\" src=\"https:\/\/brasseriedesfourquets.be\/wp-content\/uploads\/2023\/05\/20230518_161400-2-scaled.jpg\" alt=\"\" class=\"wp-image-586\" srcset=\"https:\/\/brasseriedesfourquets.be\/wp-content\/uploads\/2023\/05\/20230518_161400-2-scaled.jpg 2560w, https:\/\/brasseriedesfourquets.be\/wp-content\/uploads\/2023\/05\/20230518_161400-2-300x225.jpg 300w, https:\/\/brasseriedesfourquets.be\/wp-content\/uploads\/2023\/05\/20230518_161400-2-1024x768.jpg 1024w, https:\/\/brasseriedesfourquets.be\/wp-content\/uploads\/2023\/05\/20230518_161400-2-768x576.jpg 768w, https:\/\/brasseriedesfourquets.be\/wp-content\/uploads\/2023\/05\/20230518_161400-2-1536x1152.jpg 1536w, https:\/\/brasseriedesfourquets.be\/wp-content\/uploads\/2023\/05\/20230518_161400-2-2048x1536.jpg 2048w\" sizes=\"auto, (max-width: 2560px) 100vw, 2560px\" \/><\/figure>\n<\/figure>\n","protected":false},"excerpt":{"rendered":"<p>Notre brasserie a re\u00e7u le label \u00ab\u00a0Local Beer\u00a0\u00bb d\u00e9cern\u00e9 par l&rsquo;Apaq-W. Celui-ci vise \u00e0 promouvoir et r\u00e9compenser les bi\u00e8res brass\u00e9es en Wallonie et commercialis\u00e9es en propre par les brasseries. Il met en \u00e9vidence non seulement la qualit\u00e9 et la diversit\u00e9 de ces bi\u00e8res mais aussi le savoir-faire des brasseurs. Notre brasserie a \u00e9galement obtenu le &#8230; <a title=\"La brasserie\" class=\"read-more\" href=\"https:\/\/brasseriedesfourquets.be\/index.php\/la-brasserie\/\" aria-label=\"En savoir plus sur La brasserie\">Lire la suite<\/a><\/p>\n","protected":false},"author":1,"featured_media":0,"parent":0,"menu_order":0,"comment_status":"closed","ping_status":"closed","template":"","meta":{"footnotes":""},"class_list":["post-104","page","type-page","status-publish"],"_links":{"self":[{"href":"https:\/\/brasseriedesfourquets.be\/index.php\/wp-json\/wp\/v2\/pages\/104","targetHints":{"allow":["GET"]}}],"collection":[{"href":"https:\/\/brasseriedesfourquets.be\/index.php\/wp-json\/wp\/v2\/pages"}],"about":[{"href":"https:\/\/brasseriedesfourquets.be\/index.php\/wp-json\/wp\/v2\/types\/page"}],"author":[{"embeddable":true,"href":"https:\/\/brasseriedesfourquets.be\/index.php\/wp-json\/wp\/v2\/users\/1"}],"replies":[{"embeddable":true,"href":"https:\/\/brasseriedesfourquets.be\/index.php\/wp-json\/wp\/v2\/comments?post=104"}],"version-history":[{"count":18,"href":"https:\/\/brasseriedesfourquets.be\/index.php\/wp-json\/wp\/v2\/pages\/104\/revisions"}],"predecessor-version":[{"id":723,"href":"https:\/\/brasseriedesfourquets.be\/index.php\/wp-json\/wp\/v2\/pages\/104\/revisions\/723"}],"wp:attachment":[{"href":"https:\/\/brasseriedesfourquets.be\/index.php\/wp-json\/wp\/v2\/media?parent=104"}],"curies":[{"name":"wp","href":"https:\/\/api.w.org\/{rel}","templated":true}]}}