{"id":121,"date":"2022-08-10T07:22:56","date_gmt":"2022-08-10T05:22:56","guid":{"rendered":"http:\/\/qbzhhxc.cluster030.hosting.ovh.net\/?page_id=121"},"modified":"2025-12-24T07:53:43","modified_gmt":"2025-12-24T06:53:43","slug":"beer-shop","status":"publish","type":"page","link":"https:\/\/brasseriedesfourquets.be\/index.php\/beer-shop\/","title":{"rendered":"Beer Shop"},"content":{"rendered":"\n<div class=\"wp-block-columns is-layout-flex wp-container-core-columns-is-layout-9d6595d7 wp-block-columns-is-layout-flex\">\n<div class=\"wp-block-column is-layout-flow wp-block-column-is-layout-flow\" style=\"flex-basis:50%\">\n<h2 class=\"wp-block-heading\">Nos produits<\/h2>\n\n\n\n<div style=\"height:25px\" aria-hidden=\"true\" class=\"wp-block-spacer\"><\/div>\n\n\n\n<div class=\"wp-block-media-text alignwide is-stacked-on-mobile\" style=\"grid-template-columns:30% auto\"><figure class=\"wp-block-media-text__media\"><img loading=\"lazy\" decoding=\"async\" width=\"500\" height=\"500\" src=\"https:\/\/brasseriedesfourquets.be\/wp-content\/uploads\/2025\/11\/2.png\" alt=\"\" class=\"wp-image-762 size-full\" srcset=\"https:\/\/brasseriedesfourquets.be\/wp-content\/uploads\/2025\/11\/2.png 500w, https:\/\/brasseriedesfourquets.be\/wp-content\/uploads\/2025\/11\/2-300x300.png 300w, https:\/\/brasseriedesfourquets.be\/wp-content\/uploads\/2025\/11\/2-150x150.png 150w\" sizes=\"auto, (max-width: 500px) 100vw, 500px\" \/><\/figure><div class=\"wp-block-media-text__content\">\n<p><strong>L&rsquo;AFFOLANTE<\/strong><\/p>\n\n\n\n<p>Bouteille<br>33 cl \u2022 6% alc.<br>2,50 \u20ac.<\/p>\n<\/div><\/div>\n\n\n\n<div class=\"wp-block-media-text alignwide is-stacked-on-mobile\" style=\"grid-template-columns:30% auto\"><figure class=\"wp-block-media-text__media\"><img loading=\"lazy\" decoding=\"async\" width=\"500\" height=\"500\" src=\"https:\/\/brasseriedesfourquets.be\/wp-content\/uploads\/2025\/11\/3.png\" alt=\"\" class=\"wp-image-763 size-full\" srcset=\"https:\/\/brasseriedesfourquets.be\/wp-content\/uploads\/2025\/11\/3.png 500w, https:\/\/brasseriedesfourquets.be\/wp-content\/uploads\/2025\/11\/3-300x300.png 300w, https:\/\/brasseriedesfourquets.be\/wp-content\/uploads\/2025\/11\/3-150x150.png 150w\" sizes=\"auto, (max-width: 500px) 100vw, 500px\" \/><\/figure><div class=\"wp-block-media-text__content\">\n<p><strong>LA VITALE<\/strong><\/p>\n\n\n\n<p>Bouteille<br>33 cl \u2022 7% alc.<br>2,75 \u20ac.<\/p>\n<\/div><\/div>\n\n\n\n<div class=\"wp-block-media-text alignwide is-stacked-on-mobile\" style=\"grid-template-columns:30% auto\"><figure class=\"wp-block-media-text__media\"><img loading=\"lazy\" decoding=\"async\" width=\"500\" height=\"500\" src=\"https:\/\/brasseriedesfourquets.be\/wp-content\/uploads\/2025\/11\/1-1.png\" alt=\"\" class=\"wp-image-764 size-full\" srcset=\"https:\/\/brasseriedesfourquets.be\/wp-content\/uploads\/2025\/11\/1-1.png 500w, https:\/\/brasseriedesfourquets.be\/wp-content\/uploads\/2025\/11\/1-1-300x300.png 300w, https:\/\/brasseriedesfourquets.be\/wp-content\/uploads\/2025\/11\/1-1-150x150.png 150w\" sizes=\"auto, (max-width: 500px) 100vw, 500px\" \/><\/figure><div class=\"wp-block-media-text__content\">\n<p><strong>LA BLANC MONT<\/strong> (en saison)<\/p>\n\n\n\n<p>Bouteille<br>33 cl \u2022 5% alc.<br>3,00 \u20ac<\/p>\n<\/div><\/div>\n\n\n\n<div class=\"wp-block-media-text alignwide is-stacked-on-mobile\" style=\"grid-template-columns:30% auto\"><figure class=\"wp-block-media-text__media\"><img loading=\"lazy\" decoding=\"async\" width=\"500\" height=\"500\" src=\"https:\/\/brasseriedesfourquets.be\/wp-content\/uploads\/2025\/11\/4.png\" alt=\"\" class=\"wp-image-766 size-full\" srcset=\"https:\/\/brasseriedesfourquets.be\/wp-content\/uploads\/2025\/11\/4.png 500w, https:\/\/brasseriedesfourquets.be\/wp-content\/uploads\/2025\/11\/4-300x300.png 300w, https:\/\/brasseriedesfourquets.be\/wp-content\/uploads\/2025\/11\/4-150x150.png 150w\" sizes=\"auto, (max-width: 500px) 100vw, 500px\" \/><\/figure><div class=\"wp-block-media-text__content\">\n<p><strong>CLIP<\/strong><\/p>\n\n\n\n<p>Pack 3 bouteilles (\u00e0 composer au choix)<br>33 cl<br>\u00c0 partir de 7,50 \u20ac<\/p>\n<\/div><\/div>\n\n\n\n<div class=\"wp-block-media-text alignwide is-stacked-on-mobile\" style=\"grid-template-columns:30% auto\"><figure class=\"wp-block-media-text__media\"><img loading=\"lazy\" decoding=\"async\" width=\"500\" height=\"500\" src=\"https:\/\/brasseriedesfourquets.be\/wp-content\/uploads\/2025\/11\/Design-sans-titre13.png\" alt=\"\" class=\"wp-image-804 size-full\" srcset=\"https:\/\/brasseriedesfourquets.be\/wp-content\/uploads\/2025\/11\/Design-sans-titre13.png 500w, https:\/\/brasseriedesfourquets.be\/wp-content\/uploads\/2025\/11\/Design-sans-titre13-300x300.png 300w, https:\/\/brasseriedesfourquets.be\/wp-content\/uploads\/2025\/11\/Design-sans-titre13-150x150.png 150w\" sizes=\"auto, (max-width: 500px) 100vw, 500px\" \/><\/figure><div class=\"wp-block-media-text__content\">\n<p><strong>CAISSE<\/strong><\/p>\n\n\n\n<p>Pack 12 bouteilles (\u00e0 composer au choix)<br>33 cl<br>\u00c0 partir de 30,00 \u20ac<\/p>\n<\/div><\/div>\n\n\n\n<div class=\"wp-block-media-text alignwide is-stacked-on-mobile\" style=\"grid-template-columns:30% auto\"><figure class=\"wp-block-media-text__media\"><img loading=\"lazy\" decoding=\"async\" width=\"500\" height=\"500\" src=\"https:\/\/brasseriedesfourquets.be\/wp-content\/uploads\/2025\/11\/Design-sans-titre11.png\" alt=\"\" class=\"wp-image-798 size-full\" srcset=\"https:\/\/brasseriedesfourquets.be\/wp-content\/uploads\/2025\/11\/Design-sans-titre11.png 500w, https:\/\/brasseriedesfourquets.be\/wp-content\/uploads\/2025\/11\/Design-sans-titre11-300x300.png 300w, https:\/\/brasseriedesfourquets.be\/wp-content\/uploads\/2025\/11\/Design-sans-titre11-150x150.png 150w\" sizes=\"auto, (max-width: 500px) 100vw, 500px\" \/><\/figure><div class=\"wp-block-media-text__content\">\n<p><strong>CASIER<\/strong><\/p>\n\n\n\n<p>Pack 24 bouteilles (\u00e0 composer au choix)<br>33 cl<br>\u00c0 partir de 60,00 \u20ac (caution de 15,00\u20ac\/casier)<\/p>\n<\/div><\/div>\n\n\n\n<div class=\"wp-block-media-text alignwide is-stacked-on-mobile\" style=\"grid-template-columns:30% auto\"><figure class=\"wp-block-media-text__media\"><img loading=\"lazy\" decoding=\"async\" width=\"500\" height=\"500\" src=\"https:\/\/brasseriedesfourquets.be\/wp-content\/uploads\/2025\/11\/6.png\" alt=\"\" class=\"wp-image-773 size-full\" srcset=\"https:\/\/brasseriedesfourquets.be\/wp-content\/uploads\/2025\/11\/6.png 500w, https:\/\/brasseriedesfourquets.be\/wp-content\/uploads\/2025\/11\/6-300x300.png 300w, https:\/\/brasseriedesfourquets.be\/wp-content\/uploads\/2025\/11\/6-150x150.png 150w\" sizes=\"auto, (max-width: 500px) 100vw, 500px\" \/><\/figure><div class=\"wp-block-media-text__content\">\n<p><strong>PACK \u00ab\u00a0D\u00c9GUSTATION\u00a0\u00bb<\/strong><\/p>\n\n\n\n<p>1 Affolante \u2022 33 cl \u2022 6% alc.<br>1 Blanc Mont \u2022 33 cl \u2022 5% alc.<br>1 Vitale \u2022 33 cl \u2022 7% alc.<br>1 verre \u2022 33 cl<br>18,00 \u20ac<\/p>\n<\/div><\/div>\n\n\n\n<div class=\"wp-block-media-text alignwide is-stacked-on-mobile\" style=\"grid-template-columns:30% auto\"><figure class=\"wp-block-media-text__media\"><img loading=\"lazy\" decoding=\"async\" width=\"500\" height=\"500\" src=\"https:\/\/brasseriedesfourquets.be\/wp-content\/uploads\/2025\/11\/Design-sans-titre7.png\" alt=\"\" class=\"wp-image-794 size-full\" srcset=\"https:\/\/brasseriedesfourquets.be\/wp-content\/uploads\/2025\/11\/Design-sans-titre7.png 500w, https:\/\/brasseriedesfourquets.be\/wp-content\/uploads\/2025\/11\/Design-sans-titre7-300x300.png 300w, https:\/\/brasseriedesfourquets.be\/wp-content\/uploads\/2025\/11\/Design-sans-titre7-150x150.png 150w\" sizes=\"auto, (max-width: 500px) 100vw, 500px\" \/><\/figure><div class=\"wp-block-media-text__content\">\n<p><strong>LA \u00ab\u00a0S\u00c9LECTION HOUBLONN\u00c9E\u00a0\u00bb<\/strong><\/p>\n\n\n\n<p>6 bouteilles (\u00e0 composer au choix)<br>33 cl<br>22,00 \u20ac<\/p>\n<\/div><\/div>\n\n\n\n<div class=\"wp-block-media-text alignwide is-stacked-on-mobile\" style=\"grid-template-columns:30% auto\"><figure class=\"wp-block-media-text__media\"><img loading=\"lazy\" decoding=\"async\" width=\"500\" height=\"500\" src=\"https:\/\/brasseriedesfourquets.be\/wp-content\/uploads\/2025\/11\/5.png\" alt=\"\" class=\"wp-image-775 size-full\" srcset=\"https:\/\/brasseriedesfourquets.be\/wp-content\/uploads\/2025\/11\/5.png 500w, https:\/\/brasseriedesfourquets.be\/wp-content\/uploads\/2025\/11\/5-300x300.png 300w, https:\/\/brasseriedesfourquets.be\/wp-content\/uploads\/2025\/11\/5-150x150.png 150w\" sizes=\"auto, (max-width: 500px) 100vw, 500px\" \/><\/figure><div class=\"wp-block-media-text__content\">\n<p><strong>PACK \u00ab\u00a0NO\u00cbL\u00a0\u00bb<\/strong><\/p>\n\n\n\n<p>2 Affolante \u2022 33 cl \u2022 6% alc.<br>2 Blanc Mont \u2022 33 cl \u2022 5% alc.<br>2 Vitale \u2022 33 cl \u2022 7% alc.<br>22,00 \u20ac<\/p>\n<\/div><\/div>\n\n\n\n<div class=\"wp-block-media-text alignwide is-stacked-on-mobile\" style=\"grid-template-columns:30% auto\"><figure class=\"wp-block-media-text__media\"><img loading=\"lazy\" decoding=\"async\" width=\"500\" height=\"500\" src=\"https:\/\/brasseriedesfourquets.be\/wp-content\/uploads\/2025\/11\/Design-sans-titre5.png\" alt=\"\" class=\"wp-image-792 size-full\" srcset=\"https:\/\/brasseriedesfourquets.be\/wp-content\/uploads\/2025\/11\/Design-sans-titre5.png 500w, https:\/\/brasseriedesfourquets.be\/wp-content\/uploads\/2025\/11\/Design-sans-titre5-300x300.png 300w, https:\/\/brasseriedesfourquets.be\/wp-content\/uploads\/2025\/11\/Design-sans-titre5-150x150.png 150w\" sizes=\"auto, (max-width: 500px) 100vw, 500px\" \/><\/figure><div class=\"wp-block-media-text__content\">\n<p><strong>PACK \u00ab\u00a0SIGNATURES\u00a0\u00bb<\/strong><\/p>\n\n\n\n<p>1 Affolante \u2022 33 cl \u2022 6% alc.<br>1 Blanc Mont \u2022 33 cl \u2022 5% alc.<br>1 Vitale \u2022 33 cl \u2022 7% alc.<br>2 3D Cuivr\u00e9e \u2022 33 cl \u2022 6% alc.<br>2 3D Pils \u2022 33 cl \u2022 5% alc.<br>2 verres (BdF &amp; 3D) \u2022 33 cl<br>30,00 \u20ac<br><\/p>\n<\/div><\/div>\n\n\n\n<div class=\"wp-block-media-text alignwide is-stacked-on-mobile\" style=\"grid-template-columns:30% auto\"><figure class=\"wp-block-media-text__media\"><img loading=\"lazy\" decoding=\"async\" width=\"500\" height=\"500\" src=\"https:\/\/brasseriedesfourquets.be\/wp-content\/uploads\/2025\/11\/Design-sans-titre3.png\" alt=\"\" class=\"wp-image-785 size-full\" srcset=\"https:\/\/brasseriedesfourquets.be\/wp-content\/uploads\/2025\/11\/Design-sans-titre3.png 500w, https:\/\/brasseriedesfourquets.be\/wp-content\/uploads\/2025\/11\/Design-sans-titre3-300x300.png 300w, https:\/\/brasseriedesfourquets.be\/wp-content\/uploads\/2025\/11\/Design-sans-titre3-150x150.png 150w\" sizes=\"auto, (max-width: 500px) 100vw, 500px\" \/><\/figure><div class=\"wp-block-media-text__content\">\n<p><strong>VERRE<\/strong><\/p>\n\n\n\n<p>33 cl<br>5,00 \u20ac<\/p>\n<\/div><\/div>\n\n\n\n<div style=\"height:25px\" aria-hidden=\"true\" class=\"wp-block-spacer\"><\/div>\n\n\n\n<div style=\"height:25px\" aria-hidden=\"true\" class=\"wp-block-spacer\"><\/div>\n\n\n\n<div style=\"height:50px\" aria-hidden=\"true\" class=\"wp-block-spacer\"><\/div>\n\n\n\n<div class=\"wp-block-buttons is-content-justification-center is-layout-flex wp-container-core-buttons-is-layout-16018d1d wp-block-buttons-is-layout-flex\">\n<div class=\"wp-block-button\"><a class=\"wp-block-button__link wp-element-button\" href=\"https:\/\/brasseriedesfourquets.be\/index.php\/18-ans\/\">Formulaire de commande<\/a><\/div>\n<\/div>\n<\/div>\n\n\n\n<div class=\"wp-block-column is-layout-flow wp-block-column-is-layout-flow\" style=\"flex-basis:50%\">\n<h2 class=\"wp-block-heading\">Nos bi\u00e8res sont disponibles \u00e0 la vente :<\/h2>\n\n\n\n<ul class=\"wp-block-list\">\n<li>\u00e0 la brasserie, \u00e0 Blanmont,<\/li>\n\n\n\n<li>au March\u00e9 de Chastre, \u00e0 Chastre<\/li>\n\n\n\n<li>\u00e0 l&rsquo; \u00ab\u00a0AD Delhaize\u00a0\u00bb, \u00e0 Chastre,<\/li>\n\n\n\n<li>au \u00ab\u00a0Domaine des Possibles\u00a0\u00bb, \u00e0 Chastre<\/li>\n\n\n\n<li>\u00e0 \u00ab\u00a0La Brasserie du Vieux Chastre\u00a0\u00bb (restaurant), \u00e0 Chastre,<\/li>\n\n\n\n<li>aux Thermes de Noirmont (Chastre),<\/li>\n\n\n\n<li>\u00e0 \u00ab\u00a0La Boucherie du Coin\u00a0\u00bb \u00e0 Walhain,<\/li>\n\n\n\n<li>au \u00ab\u00a0FC Walhain\u00a0\u00bb (club de football), \u00e0 Walhain,<\/li>\n\n\n\n<li>au \u00ab\u00a0SPAR\u00a0\u00bb, \u00e0 Mont-Saint-Guibert,<\/li>\n\n\n\n<li>\u00e0 l&rsquo; \u00ab\u00a0Extra Time\u00a0\u00bb (Centre Sportif Jean Moisse) \u00e0 Mont-Saint-Guibert,<\/li>\n\n\n\n<li>au \u00ab\u00a0C.S. Mont-Saint-Guibert\u00a0\u00bb (club de football), \u00e0 Mont-Saint-Guibert,<\/li>\n\n\n\n<li>au \u00ab\u00a0Proxy Delhaize Orne\u00a0\u00bb, \u00e0 Court-Saint-\u00c9tienne,<\/li>\n\n\n\n<li>au \u00ab\u00a0Blocry Sports Bar\u00a0\u00bb, \u00e0 Louvain-la-Neuve,<\/li>\n\n\n\n<li>au restaurant \u00e9ph\u00e9m\u00e8re \u00ab\u00a0La Saison\u00a0\u00bb \u00e0 Bierges,<\/li>\n\n\n\n<li>au \u00ab\u00a0Delirium Caf\u00e9\u00a0\u00bb, \u00e0 Bruxelles.<\/li>\n<\/ul>\n\n\n\n<div style=\"height:0px\" aria-hidden=\"true\" class=\"wp-block-spacer\"><\/div>\n\n\n\n\n\n<div style=\"height:25px\" aria-hidden=\"true\" class=\"wp-block-spacer\"><\/div>\n\n\n\n<h2 class=\"wp-block-heading\">\u00c9v\u00e8nements<\/h2>\n\n\n\n<ul class=\"wp-block-list\">\n<li>Aucun \u00e9v\u00e8nement n&rsquo;est actuellement \u00e0 l&rsquo;ordre du jour.<\/li>\n<\/ul>\n\n\n\n<div style=\"height:25px\" aria-hidden=\"true\" class=\"wp-block-spacer\"><\/div>\n\n\n\n<h2 class=\"wp-block-heading\">Livraison<\/h2>\n\n\n\n<p><strong>Aucun retrait n&rsquo;est possible \u00e0 la brasserie<\/strong> ; <strong>celle-ci n&rsquo;\u00e9tant pas accessible au public<\/strong>.<br>Pour les commandes et livraisons, merci de nous <a href=\"https:\/\/brasseriedesfourquets.be\/index.php\/contact\/\" data-type=\"page\" data-id=\"164\">contacter<\/a> obligatoirement !<br>Paiement en liquide ou par Payconiq.<\/p>\n\n\n\n<div style=\"height:25px\" aria-hidden=\"true\" class=\"wp-block-spacer\"><\/div>\n\n\n\n<h2 class=\"wp-block-heading\">Paiements<\/h2>\n\n\n\n<ul class=\"wp-block-list\">\n<li>Facture.<\/li>\n\n\n\n<li>Liquide.<\/li>\n\n\n\n<li>Payconiq.<\/li>\n<\/ul>\n<\/div>\n<\/div>\n\n\n\n<div style=\"height:25px\" aria-hidden=\"true\" class=\"wp-block-spacer\"><\/div>\n\n\n\n<h2 class=\"wp-block-heading\">Conditions g\u00e9n\u00e9rales de vente<\/h2>\n\n\n\n<p>Merci de consulter nos&nbsp;<a href=\"http:\/\/ovh.net\/index.php\/conditions-generales-de-vente\/\">conditions <\/a><a href=\"https:\/\/brasseriedesfourquets.be\/index.php\/conditions-generales-de-vente\/\" data-type=\"page\" data-id=\"237\">g\u00e9n\u00e9rales<\/a><a href=\"http:\/\/ovh.net\/index.php\/conditions-generales-de-vente\/\"> de vente<\/a>&nbsp;avant toute commande.<\/p>\n","protected":false},"excerpt":{"rendered":"<p>Nos produits L&rsquo;AFFOLANTE Bouteille33 cl \u2022 6% alc.2,50 \u20ac. LA VITALE Bouteille33 cl \u2022 7% alc.2,75 \u20ac. LA BLANC MONT (en saison) Bouteille33 cl \u2022 5% alc.3,00 \u20ac CLIP Pack 3 bouteilles (\u00e0 composer au choix)33 cl\u00c0 partir de 7,50 \u20ac CAISSE Pack 12 bouteilles (\u00e0 composer au choix)33 cl\u00c0 partir de 30,00 \u20ac CASIER &#8230; <a title=\"Beer Shop\" class=\"read-more\" href=\"https:\/\/brasseriedesfourquets.be\/index.php\/beer-shop\/\" aria-label=\"En savoir plus sur Beer Shop\">Lire la suite<\/a><\/p>\n","protected":false},"author":1,"featured_media":0,"parent":0,"menu_order":0,"comment_status":"closed","ping_status":"closed","template":"","meta":{"footnotes":""},"class_list":["post-121","page","type-page","status-publish"],"_links":{"self":[{"href":"https:\/\/brasseriedesfourquets.be\/index.php\/wp-json\/wp\/v2\/pages\/121","targetHints":{"allow":["GET"]}}],"collection":[{"href":"https:\/\/brasseriedesfourquets.be\/index.php\/wp-json\/wp\/v2\/pages"}],"about":[{"href":"https:\/\/brasseriedesfourquets.be\/index.php\/wp-json\/wp\/v2\/types\/page"}],"author":[{"embeddable":true,"href":"https:\/\/brasseriedesfourquets.be\/index.php\/wp-json\/wp\/v2\/users\/1"}],"replies":[{"embeddable":true,"href":"https:\/\/brasseriedesfourquets.be\/index.php\/wp-json\/wp\/v2\/comments?post=121"}],"version-history":[{"count":79,"href":"https:\/\/brasseriedesfourquets.be\/index.php\/wp-json\/wp\/v2\/pages\/121\/revisions"}],"predecessor-version":[{"id":810,"href":"https:\/\/brasseriedesfourquets.be\/index.php\/wp-json\/wp\/v2\/pages\/121\/revisions\/810"}],"wp:attachment":[{"href":"https:\/\/brasseriedesfourquets.be\/index.php\/wp-json\/wp\/v2\/media?parent=121"}],"curies":[{"name":"wp","href":"https:\/\/api.w.org\/{rel}","templated":true}]}}